{"id":1293,"date":"2022-04-12T14:47:59","date_gmt":"2022-04-12T14:47:59","guid":{"rendered":"http:\/\/142.93.155.59\/?post_type=product&#038;p=1293"},"modified":"2023-04-07T05:04:50","modified_gmt":"2023-04-07T09:04:50","slug":"cours-mechanique-velo-autonome-1","status":"publish","type":"product","link":"https:\/\/velocaravane.org\/en\/product\/cours-mechanique-velo-autonome-1\/","title":{"rendered":"Cours de M\u00e9canique V\u00e9lo &#8211; V\u00e9lo Autonome 1"},"content":{"rendered":"","protected":false},"excerpt":{"rendered":"<p>Un cours de 4 heures d\u2019entretien ABCD.<\/p>\n<p>A pour air (Entretien des pneus, r\u00e9parer une crevaison)<br \/>\nB pour Breaks (Ajuster ses freins)<br \/>\nC pour Cables and Chain (Entretien de la cha\u00eene et des c\u00e2bles)<br \/>\nD pour Drop (Test de qualit\u00e9 de la r\u00e9paration)<\/p>","protected":false},"featured_media":1295,"template":"","meta":{"_mi_skip_tracking":false,"_monsterinsights_sitenote_active":false,"_monsterinsights_sitenote_note":"","_monsterinsights_sitenote_category":0,"neve_meta_sidebar":"","neve_meta_container":"","neve_meta_enable_content_width":"off","neve_meta_content_width":100,"neve_meta_title_alignment":"","neve_meta_author_avatar":"","neve_post_elements_order":"","neve_meta_disable_header":"","neve_meta_disable_footer":"","neve_meta_disable_title":""},"product_cat":[27,23,24],"product_tag":[],"yoast_head":"<!-- This site is optimized with the Yoast SEO plugin v19.4 - https:\/\/yoast.com\/wordpress\/plugins\/seo\/ -->\n<title>Cours m\u00e9canique v\u00e9lo - apprenez les bases importantes \u00e0 Montr\u00e9al<\/title>\n<meta name=\"description\" content=\"Nous sommes fiers de vous pr\u00e9senter nos cours m\u00e9canique v\u00e9lo d\u00e9di\u00e9 aux fondamentaux importants. Gr\u00e2ce \u00e0 nos professionnels, ma\u00eetriser cela ne sera pas difficile !\" \/>\n<meta name=\"robots\" content=\"index, follow, max-snippet:-1, max-image-preview:large, max-video-preview:-1\" \/>\n<link rel=\"canonical\" href=\"https:\/\/velocaravane.org\/en\/product\/cours-mechanique-velo-autonome-1\/\" \/>\n<meta property=\"og:locale\" content=\"en_US\" \/>\n<meta property=\"og:type\" content=\"article\" \/>\n<meta property=\"og:title\" content=\"Cours m\u00e9canique v\u00e9lo - apprenez les bases importantes \u00e0 Montr\u00e9al\" \/>\n<meta property=\"og:description\" content=\"Nous sommes fiers de vous pr\u00e9senter nos cours m\u00e9canique v\u00e9lo d\u00e9di\u00e9 aux fondamentaux importants. Gr\u00e2ce \u00e0 nos professionnels, ma\u00eetriser cela ne sera pas difficile !\" \/>\n<meta property=\"og:url\" content=\"https:\/\/velocaravane.org\/en\/product\/cours-mechanique-velo-autonome-1\/\" \/>\n<meta property=\"og:site_name\" content=\"Velocaravane\" \/>\n<meta property=\"article:publisher\" content=\"https:\/\/www.facebook.com\/velocaravane\/\" \/>\n<meta property=\"article:modified_time\" content=\"2023-04-07T09:04:50+00:00\" \/>\n<meta property=\"og:image\" content=\"https:\/\/velocaravane.org\/wp-content\/uploads\/2022\/04\/Cours-Mechanique-Velo.png\" \/>\n\t<meta property=\"og:image:width\" content=\"285\" \/>\n\t<meta property=\"og:image:height\" content=\"218\" \/>\n\t<meta property=\"og:image:type\" content=\"image\/png\" \/>\n<meta name=\"twitter:card\" content=\"summary_large_image\" \/>\n<script type=\"application\/ld+json\" class=\"yoast-schema-graph\">{\"@context\":\"https:\/\/schema.org\",\"@graph\":[{\"@type\":\"Organization\",\"@id\":\"https:\/\/velocaravane.org\/#organization\",\"name\":\"V\u00c9LOCARAVANE\",\"url\":\"https:\/\/velocaravane.org\/\",\"sameAs\":[\"https:\/\/www.facebook.com\/velocaravane\/\"],\"logo\":{\"@type\":\"ImageObject\",\"inLanguage\":\"en-CA\",\"@id\":\"https:\/\/velocaravane.org\/#\/schema\/logo\/image\/\",\"url\":\"https:\/\/velocaravane.org\/wp-content\/uploads\/2022\/08\/Velocaravane-Logo.png\",\"contentUrl\":\"https:\/\/velocaravane.org\/wp-content\/uploads\/2022\/08\/Velocaravane-Logo.png\",\"width\":642,\"height\":638,\"caption\":\"V\u00c9LOCARAVANE\"},\"image\":{\"@id\":\"https:\/\/velocaravane.org\/#\/schema\/logo\/image\/\"}},{\"@type\":\"WebSite\",\"@id\":\"https:\/\/velocaravane.org\/#website\",\"url\":\"https:\/\/velocaravane.org\/\",\"name\":\"Velocaravane\",\"description\":\"Velocaravane\",\"publisher\":{\"@id\":\"https:\/\/velocaravane.org\/#organization\"},\"potentialAction\":[{\"@type\":\"SearchAction\",\"target\":{\"@type\":\"EntryPoint\",\"urlTemplate\":\"https:\/\/velocaravane.org\/?s={search_term_string}\"},\"query-input\":\"required name=search_term_string\"}],\"inLanguage\":\"en-CA\"},{\"@type\":\"WebPage\",\"@id\":\"https:\/\/velocaravane.org\/product\/cours-mechanique-velo-autonome-1\/\",\"url\":\"https:\/\/velocaravane.org\/product\/cours-mechanique-velo-autonome-1\/\",\"name\":\"Cours m\u00e9canique v\u00e9lo - apprenez les bases importantes \u00e0 Montr\u00e9al\",\"isPartOf\":{\"@id\":\"https:\/\/velocaravane.org\/#website\"},\"datePublished\":\"2022-04-12T14:47:59+00:00\",\"dateModified\":\"2023-04-07T09:04:50+00:00\",\"description\":\"Nous sommes fiers de vous pr\u00e9senter nos cours m\u00e9canique v\u00e9lo d\u00e9di\u00e9 aux fondamentaux importants. Gr\u00e2ce \u00e0 nos professionnels, ma\u00eetriser cela ne sera pas difficile !\",\"breadcrumb\":{\"@id\":\"https:\/\/velocaravane.org\/product\/cours-mechanique-velo-autonome-1\/#breadcrumb\"},\"inLanguage\":\"en-CA\",\"potentialAction\":[{\"@type\":\"ReadAction\",\"target\":[\"https:\/\/velocaravane.org\/product\/cours-mechanique-velo-autonome-1\/\"]}]},{\"@type\":\"BreadcrumbList\",\"@id\":\"https:\/\/velocaravane.org\/product\/cours-mechanique-velo-autonome-1\/#breadcrumb\",\"itemListElement\":[{\"@type\":\"ListItem\",\"position\":1,\"name\":\"Home\",\"item\":\"https:\/\/velocaravane.org\/\"},{\"@type\":\"ListItem\",\"position\":2,\"name\":\"Shop\",\"item\":\"https:\/\/velocaravane.org\/shop\/\"},{\"@type\":\"ListItem\",\"position\":3,\"name\":\"Cours de M\u00e9canique V\u00e9lo &#8211; V\u00e9lo Autonome 1\"}]}]}<\/script>\n<!-- \/ Yoast SEO plugin. -->","yoast_head_json":{"title":"Cours m\u00e9canique v\u00e9lo - apprenez les bases importantes \u00e0 Montr\u00e9al","description":"Nous sommes fiers de vous pr\u00e9senter nos cours m\u00e9canique v\u00e9lo d\u00e9di\u00e9 aux fondamentaux importants. Gr\u00e2ce \u00e0 nos professionnels, ma\u00eetriser cela ne sera pas difficile !","robots":{"index":"index","follow":"follow","max-snippet":"max-snippet:-1","max-image-preview":"max-image-preview:large","max-video-preview":"max-video-preview:-1"},"canonical":"https:\/\/velocaravane.org\/en\/product\/cours-mechanique-velo-autonome-1\/","og_locale":"en_US","og_type":"article","og_title":"Cours m\u00e9canique v\u00e9lo - apprenez les bases importantes \u00e0 Montr\u00e9al","og_description":"Nous sommes fiers de vous pr\u00e9senter nos cours m\u00e9canique v\u00e9lo d\u00e9di\u00e9 aux fondamentaux importants. Gr\u00e2ce \u00e0 nos professionnels, ma\u00eetriser cela ne sera pas difficile !","og_url":"https:\/\/velocaravane.org\/en\/product\/cours-mechanique-velo-autonome-1\/","og_site_name":"Velocaravane","article_publisher":"https:\/\/www.facebook.com\/velocaravane\/","article_modified_time":"2023-04-07T09:04:50+00:00","og_image":[{"width":285,"height":218,"url":"https:\/\/velocaravane.org\/wp-content\/uploads\/2022\/04\/Cours-Mechanique-Velo.png","type":"image\/png"}],"twitter_card":"summary_large_image","schema":{"@context":"https:\/\/schema.org","@graph":[{"@type":"Organization","@id":"https:\/\/velocaravane.org\/#organization","name":"V\u00c9LOCARAVANE","url":"https:\/\/velocaravane.org\/","sameAs":["https:\/\/www.facebook.com\/velocaravane\/"],"logo":{"@type":"ImageObject","inLanguage":"en-CA","@id":"https:\/\/velocaravane.org\/#\/schema\/logo\/image\/","url":"https:\/\/velocaravane.org\/wp-content\/uploads\/2022\/08\/Velocaravane-Logo.png","contentUrl":"https:\/\/velocaravane.org\/wp-content\/uploads\/2022\/08\/Velocaravane-Logo.png","width":642,"height":638,"caption":"V\u00c9LOCARAVANE"},"image":{"@id":"https:\/\/velocaravane.org\/#\/schema\/logo\/image\/"}},{"@type":"WebSite","@id":"https:\/\/velocaravane.org\/#website","url":"https:\/\/velocaravane.org\/","name":"Velocaravane","description":"Velocaravane","publisher":{"@id":"https:\/\/velocaravane.org\/#organization"},"potentialAction":[{"@type":"SearchAction","target":{"@type":"EntryPoint","urlTemplate":"https:\/\/velocaravane.org\/?s={search_term_string}"},"query-input":"required name=search_term_string"}],"inLanguage":"en-CA"},{"@type":"WebPage","@id":"https:\/\/velocaravane.org\/product\/cours-mechanique-velo-autonome-1\/","url":"https:\/\/velocaravane.org\/product\/cours-mechanique-velo-autonome-1\/","name":"Cours m\u00e9canique v\u00e9lo - apprenez les bases importantes \u00e0 Montr\u00e9al","isPartOf":{"@id":"https:\/\/velocaravane.org\/#website"},"datePublished":"2022-04-12T14:47:59+00:00","dateModified":"2023-04-07T09:04:50+00:00","description":"Nous sommes fiers de vous pr\u00e9senter nos cours m\u00e9canique v\u00e9lo d\u00e9di\u00e9 aux fondamentaux importants. Gr\u00e2ce \u00e0 nos professionnels, ma\u00eetriser cela ne sera pas difficile !","breadcrumb":{"@id":"https:\/\/velocaravane.org\/product\/cours-mechanique-velo-autonome-1\/#breadcrumb"},"inLanguage":"en-CA","potentialAction":[{"@type":"ReadAction","target":["https:\/\/velocaravane.org\/product\/cours-mechanique-velo-autonome-1\/"]}]},{"@type":"BreadcrumbList","@id":"https:\/\/velocaravane.org\/product\/cours-mechanique-velo-autonome-1\/#breadcrumb","itemListElement":[{"@type":"ListItem","position":1,"name":"Home","item":"https:\/\/velocaravane.org\/"},{"@type":"ListItem","position":2,"name":"Shop","item":"https:\/\/velocaravane.org\/shop\/"},{"@type":"ListItem","position":3,"name":"Cours de M\u00e9canique V\u00e9lo &#8211; V\u00e9lo Autonome 1"}]}]}},"_links":{"self":[{"href":"https:\/\/velocaravane.org\/en\/wp-json\/wp\/v2\/product\/1293"}],"collection":[{"href":"https:\/\/velocaravane.org\/en\/wp-json\/wp\/v2\/product"}],"about":[{"href":"https:\/\/velocaravane.org\/en\/wp-json\/wp\/v2\/types\/product"}],"wp:featuredmedia":[{"embeddable":true,"href":"https:\/\/velocaravane.org\/en\/wp-json\/wp\/v2\/media\/1295"}],"wp:attachment":[{"href":"https:\/\/velocaravane.org\/en\/wp-json\/wp\/v2\/media?parent=1293"}],"wp:term":[{"taxonomy":"product_cat","embeddable":true,"href":"https:\/\/velocaravane.org\/en\/wp-json\/wp\/v2\/product_cat?post=1293"},{"taxonomy":"product_tag","embeddable":true,"href":"https:\/\/velocaravane.org\/en\/wp-json\/wp\/v2\/product_tag?post=1293"}],"curies":[{"name":"wp","href":"https:\/\/api.w.org\/{rel}","templated":true}]}}