{"id":1298,"date":"2022-04-12T15:10:03","date_gmt":"2022-04-12T15:10:03","guid":{"rendered":"http:\/\/142.93.155.59\/?post_type=product&#038;p=1298"},"modified":"2023-07-20T06:41:00","modified_gmt":"2023-07-20T10:41:00","slug":"reparation-velo","status":"publish","type":"product","link":"https:\/\/velocaravane.org\/en\/product\/reparation-velo\/","title":{"rendered":"R\u00e9paration de Velo"},"content":{"rendered":"","protected":false},"excerpt":{"rendered":"<p>Apporte ton v\u00e9lo, on le r\u00e9pare. Le prix sera selon la r\u00e9paration.<\/p>","protected":false},"featured_media":1299,"template":"","meta":{"_mi_skip_tracking":false,"_monsterinsights_sitenote_active":false,"_monsterinsights_sitenote_note":"","_monsterinsights_sitenote_category":0,"neve_meta_sidebar":"","neve_meta_container":"","neve_meta_enable_content_width":"off","neve_meta_content_width":100,"neve_meta_title_alignment":"","neve_meta_author_avatar":"","neve_post_elements_order":"","neve_meta_disable_header":"","neve_meta_disable_footer":"","neve_meta_disable_title":""},"product_cat":[27,24,28],"product_tag":[],"yoast_head":"<!-- This site is optimized with the Yoast SEO plugin v19.4 - https:\/\/yoast.com\/wordpress\/plugins\/seo\/ -->\n<title>R\u00e9paration v\u00e9lo Montr\u00e9al | Qualitativement et rapidement - V\u00e9locaravane<\/title>\n<meta name=\"description\" content=\"Quelque chose ne va pas avec votre v\u00e9lo? Nous fournissons des services de r\u00e9paration de v\u00e9lo. N&#039;h\u00e9sitez pas \u00e0 nous apporter et obtenir le meilleur r\u00e9sultat dans les plus brefs d\u00e9lais!\" \/>\n<meta name=\"robots\" content=\"index, follow, max-snippet:-1, max-image-preview:large, max-video-preview:-1\" \/>\n<link rel=\"canonical\" href=\"https:\/\/velocaravane.org\/en\/product\/reparation-velo\/\" \/>\n<meta property=\"og:locale\" content=\"en_US\" \/>\n<meta property=\"og:type\" content=\"article\" \/>\n<meta property=\"og:title\" content=\"R\u00e9paration v\u00e9lo Montr\u00e9al | Qualitativement et rapidement - V\u00e9locaravane\" \/>\n<meta property=\"og:description\" content=\"Quelque chose ne va pas avec votre v\u00e9lo? Nous fournissons des services de r\u00e9paration de v\u00e9lo. N&#039;h\u00e9sitez pas \u00e0 nous apporter et obtenir le meilleur r\u00e9sultat dans les plus brefs d\u00e9lais!\" \/>\n<meta property=\"og:url\" content=\"https:\/\/velocaravane.org\/en\/product\/reparation-velo\/\" \/>\n<meta property=\"og:site_name\" content=\"Velocaravane\" \/>\n<meta property=\"article:publisher\" content=\"https:\/\/www.facebook.com\/velocaravane\/\" \/>\n<meta property=\"article:modified_time\" content=\"2023-07-20T10:41:00+00:00\" \/>\n<meta property=\"og:image\" content=\"https:\/\/velocaravane.org\/wp-content\/uploads\/2022\/04\/Reparation.png\" \/>\n\t<meta property=\"og:image:width\" content=\"285\" \/>\n\t<meta property=\"og:image:height\" content=\"218\" \/>\n\t<meta property=\"og:image:type\" content=\"image\/png\" \/>\n<meta name=\"twitter:card\" content=\"summary_large_image\" \/>\n<script type=\"application\/ld+json\" class=\"yoast-schema-graph\">{\"@context\":\"https:\/\/schema.org\",\"@graph\":[{\"@type\":\"Organization\",\"@id\":\"https:\/\/velocaravane.org\/#organization\",\"name\":\"V\u00c9LOCARAVANE\",\"url\":\"https:\/\/velocaravane.org\/\",\"sameAs\":[\"https:\/\/www.facebook.com\/velocaravane\/\"],\"logo\":{\"@type\":\"ImageObject\",\"inLanguage\":\"en-CA\",\"@id\":\"https:\/\/velocaravane.org\/#\/schema\/logo\/image\/\",\"url\":\"https:\/\/velocaravane.org\/wp-content\/uploads\/2022\/08\/Velocaravane-Logo.png\",\"contentUrl\":\"https:\/\/velocaravane.org\/wp-content\/uploads\/2022\/08\/Velocaravane-Logo.png\",\"width\":642,\"height\":638,\"caption\":\"V\u00c9LOCARAVANE\"},\"image\":{\"@id\":\"https:\/\/velocaravane.org\/#\/schema\/logo\/image\/\"}},{\"@type\":\"WebSite\",\"@id\":\"https:\/\/velocaravane.org\/#website\",\"url\":\"https:\/\/velocaravane.org\/\",\"name\":\"Velocaravane\",\"description\":\"Velocaravane\",\"publisher\":{\"@id\":\"https:\/\/velocaravane.org\/#organization\"},\"potentialAction\":[{\"@type\":\"SearchAction\",\"target\":{\"@type\":\"EntryPoint\",\"urlTemplate\":\"https:\/\/velocaravane.org\/?s={search_term_string}\"},\"query-input\":\"required name=search_term_string\"}],\"inLanguage\":\"en-CA\"},{\"@type\":\"WebPage\",\"@id\":\"https:\/\/velocaravane.org\/product\/reparation-velo\/\",\"url\":\"https:\/\/velocaravane.org\/product\/reparation-velo\/\",\"name\":\"R\u00e9paration v\u00e9lo Montr\u00e9al | Qualitativement et rapidement - V\u00e9locaravane\",\"isPartOf\":{\"@id\":\"https:\/\/velocaravane.org\/#website\"},\"datePublished\":\"2022-04-12T15:10:03+00:00\",\"dateModified\":\"2023-07-20T10:41:00+00:00\",\"description\":\"Quelque chose ne va pas avec votre v\u00e9lo? Nous fournissons des services de r\u00e9paration de v\u00e9lo. N'h\u00e9sitez pas \u00e0 nous apporter et obtenir le meilleur r\u00e9sultat dans les plus brefs d\u00e9lais!\",\"breadcrumb\":{\"@id\":\"https:\/\/velocaravane.org\/product\/reparation-velo\/#breadcrumb\"},\"inLanguage\":\"en-CA\",\"potentialAction\":[{\"@type\":\"ReadAction\",\"target\":[\"https:\/\/velocaravane.org\/product\/reparation-velo\/\"]}]},{\"@type\":\"BreadcrumbList\",\"@id\":\"https:\/\/velocaravane.org\/product\/reparation-velo\/#breadcrumb\",\"itemListElement\":[{\"@type\":\"ListItem\",\"position\":1,\"name\":\"Home\",\"item\":\"https:\/\/velocaravane.org\/\"},{\"@type\":\"ListItem\",\"position\":2,\"name\":\"Shop\",\"item\":\"https:\/\/velocaravane.org\/shop\/\"},{\"@type\":\"ListItem\",\"position\":3,\"name\":\"R\u00e9paration de Velo\"}]}]}<\/script>\n<!-- \/ Yoast SEO plugin. -->","yoast_head_json":{"title":"R\u00e9paration v\u00e9lo Montr\u00e9al | Qualitativement et rapidement - V\u00e9locaravane","description":"Quelque chose ne va pas avec votre v\u00e9lo? Nous fournissons des services de r\u00e9paration de v\u00e9lo. N'h\u00e9sitez pas \u00e0 nous apporter et obtenir le meilleur r\u00e9sultat dans les plus brefs d\u00e9lais!","robots":{"index":"index","follow":"follow","max-snippet":"max-snippet:-1","max-image-preview":"max-image-preview:large","max-video-preview":"max-video-preview:-1"},"canonical":"https:\/\/velocaravane.org\/en\/product\/reparation-velo\/","og_locale":"en_US","og_type":"article","og_title":"R\u00e9paration v\u00e9lo Montr\u00e9al | Qualitativement et rapidement - V\u00e9locaravane","og_description":"Quelque chose ne va pas avec votre v\u00e9lo? Nous fournissons des services de r\u00e9paration de v\u00e9lo. N'h\u00e9sitez pas \u00e0 nous apporter et obtenir le meilleur r\u00e9sultat dans les plus brefs d\u00e9lais!","og_url":"https:\/\/velocaravane.org\/en\/product\/reparation-velo\/","og_site_name":"Velocaravane","article_publisher":"https:\/\/www.facebook.com\/velocaravane\/","article_modified_time":"2023-07-20T10:41:00+00:00","og_image":[{"width":285,"height":218,"url":"https:\/\/velocaravane.org\/wp-content\/uploads\/2022\/04\/Reparation.png","type":"image\/png"}],"twitter_card":"summary_large_image","schema":{"@context":"https:\/\/schema.org","@graph":[{"@type":"Organization","@id":"https:\/\/velocaravane.org\/#organization","name":"V\u00c9LOCARAVANE","url":"https:\/\/velocaravane.org\/","sameAs":["https:\/\/www.facebook.com\/velocaravane\/"],"logo":{"@type":"ImageObject","inLanguage":"en-CA","@id":"https:\/\/velocaravane.org\/#\/schema\/logo\/image\/","url":"https:\/\/velocaravane.org\/wp-content\/uploads\/2022\/08\/Velocaravane-Logo.png","contentUrl":"https:\/\/velocaravane.org\/wp-content\/uploads\/2022\/08\/Velocaravane-Logo.png","width":642,"height":638,"caption":"V\u00c9LOCARAVANE"},"image":{"@id":"https:\/\/velocaravane.org\/#\/schema\/logo\/image\/"}},{"@type":"WebSite","@id":"https:\/\/velocaravane.org\/#website","url":"https:\/\/velocaravane.org\/","name":"Velocaravane","description":"Velocaravane","publisher":{"@id":"https:\/\/velocaravane.org\/#organization"},"potentialAction":[{"@type":"SearchAction","target":{"@type":"EntryPoint","urlTemplate":"https:\/\/velocaravane.org\/?s={search_term_string}"},"query-input":"required name=search_term_string"}],"inLanguage":"en-CA"},{"@type":"WebPage","@id":"https:\/\/velocaravane.org\/product\/reparation-velo\/","url":"https:\/\/velocaravane.org\/product\/reparation-velo\/","name":"R\u00e9paration v\u00e9lo Montr\u00e9al | Qualitativement et rapidement - V\u00e9locaravane","isPartOf":{"@id":"https:\/\/velocaravane.org\/#website"},"datePublished":"2022-04-12T15:10:03+00:00","dateModified":"2023-07-20T10:41:00+00:00","description":"Quelque chose ne va pas avec votre v\u00e9lo? Nous fournissons des services de r\u00e9paration de v\u00e9lo. N'h\u00e9sitez pas \u00e0 nous apporter et obtenir le meilleur r\u00e9sultat dans les plus brefs d\u00e9lais!","breadcrumb":{"@id":"https:\/\/velocaravane.org\/product\/reparation-velo\/#breadcrumb"},"inLanguage":"en-CA","potentialAction":[{"@type":"ReadAction","target":["https:\/\/velocaravane.org\/product\/reparation-velo\/"]}]},{"@type":"BreadcrumbList","@id":"https:\/\/velocaravane.org\/product\/reparation-velo\/#breadcrumb","itemListElement":[{"@type":"ListItem","position":1,"name":"Home","item":"https:\/\/velocaravane.org\/"},{"@type":"ListItem","position":2,"name":"Shop","item":"https:\/\/velocaravane.org\/shop\/"},{"@type":"ListItem","position":3,"name":"R\u00e9paration de Velo"}]}]}},"_links":{"self":[{"href":"https:\/\/velocaravane.org\/en\/wp-json\/wp\/v2\/product\/1298"}],"collection":[{"href":"https:\/\/velocaravane.org\/en\/wp-json\/wp\/v2\/product"}],"about":[{"href":"https:\/\/velocaravane.org\/en\/wp-json\/wp\/v2\/types\/product"}],"wp:featuredmedia":[{"embeddable":true,"href":"https:\/\/velocaravane.org\/en\/wp-json\/wp\/v2\/media\/1299"}],"wp:attachment":[{"href":"https:\/\/velocaravane.org\/en\/wp-json\/wp\/v2\/media?parent=1298"}],"wp:term":[{"taxonomy":"product_cat","embeddable":true,"href":"https:\/\/velocaravane.org\/en\/wp-json\/wp\/v2\/product_cat?post=1298"},{"taxonomy":"product_tag","embeddable":true,"href":"https:\/\/velocaravane.org\/en\/wp-json\/wp\/v2\/product_tag?post=1298"}],"curies":[{"name":"wp","href":"https:\/\/api.w.org\/{rel}","templated":true}]}}