{"id":1301,"date":"2022-04-12T15:20:36","date_gmt":"2022-04-12T15:20:36","guid":{"rendered":"http:\/\/142.93.155.59\/?post_type=product&#038;p=1301"},"modified":"2023-07-20T06:41:04","modified_gmt":"2023-07-20T10:41:04","slug":"sortie-velo","status":"publish","type":"product","link":"https:\/\/velocaravane.org\/en\/product\/sortie-velo\/","title":{"rendered":"Sortie V\u00e9lo"},"content":{"rendered":"","protected":false},"excerpt":{"rendered":"<p>Une sortie de groupe d\u2019une journ\u00e9e de 8 heures sur les pistes cyclables de Montr\u00e9al et environs.<\/p>","protected":false},"featured_media":1302,"template":"","meta":{"_mi_skip_tracking":false,"_monsterinsights_sitenote_active":false,"_monsterinsights_sitenote_note":"","_monsterinsights_sitenote_category":0,"neve_meta_sidebar":"","neve_meta_container":"","neve_meta_enable_content_width":"off","neve_meta_content_width":100,"neve_meta_title_alignment":"","neve_meta_author_avatar":"","neve_post_elements_order":"","neve_meta_disable_header":"","neve_meta_disable_footer":"","neve_meta_disable_title":""},"product_cat":[27],"product_tag":[],"yoast_head":"<!-- This site is optimized with the Yoast SEO plugin v19.4 - https:\/\/yoast.com\/wordpress\/plugins\/seo\/ -->\n<title>Sortie v\u00e9lo \u00e0 Montr\u00e9al et environs | V\u00e9locaravane<\/title>\n<meta name=\"description\" content=\"Envie de joindre l&#039;utile \u00e0 l&#039;agr\u00e9able? Faire du v\u00e9lo autour de Montr\u00e9al est la meilleure chose \u00e0 faire! Visite de groupe de 8 heures des pistes cyclables de Montr\u00e9al et des environs\" \/>\n<meta name=\"robots\" content=\"index, follow, max-snippet:-1, max-image-preview:large, max-video-preview:-1\" \/>\n<link rel=\"canonical\" href=\"https:\/\/velocaravane.org\/en\/product\/sortie-velo\/\" \/>\n<meta property=\"og:locale\" content=\"en_US\" \/>\n<meta property=\"og:type\" content=\"article\" \/>\n<meta property=\"og:title\" content=\"Sortie v\u00e9lo \u00e0 Montr\u00e9al et environs | V\u00e9locaravane\" \/>\n<meta property=\"og:description\" content=\"Envie de joindre l&#039;utile \u00e0 l&#039;agr\u00e9able? Faire du v\u00e9lo autour de Montr\u00e9al est la meilleure chose \u00e0 faire! Visite de groupe de 8 heures des pistes cyclables de Montr\u00e9al et des environs\" \/>\n<meta property=\"og:url\" content=\"https:\/\/velocaravane.org\/en\/product\/sortie-velo\/\" \/>\n<meta property=\"og:site_name\" content=\"Velocaravane\" \/>\n<meta property=\"article:publisher\" content=\"https:\/\/www.facebook.com\/velocaravane\/\" \/>\n<meta property=\"article:modified_time\" content=\"2023-07-20T10:41:04+00:00\" \/>\n<meta property=\"og:image\" content=\"https:\/\/velocaravane.org\/wp-content\/uploads\/2022\/04\/sorti-velo-n.png\" \/>\n\t<meta property=\"og:image:width\" content=\"285\" \/>\n\t<meta property=\"og:image:height\" content=\"218\" \/>\n\t<meta property=\"og:image:type\" content=\"image\/png\" \/>\n<meta name=\"twitter:card\" content=\"summary_large_image\" \/>\n<script type=\"application\/ld+json\" class=\"yoast-schema-graph\">{\"@context\":\"https:\/\/schema.org\",\"@graph\":[{\"@type\":\"Organization\",\"@id\":\"https:\/\/velocaravane.org\/#organization\",\"name\":\"V\u00c9LOCARAVANE\",\"url\":\"https:\/\/velocaravane.org\/\",\"sameAs\":[\"https:\/\/www.facebook.com\/velocaravane\/\"],\"logo\":{\"@type\":\"ImageObject\",\"inLanguage\":\"en-CA\",\"@id\":\"https:\/\/velocaravane.org\/#\/schema\/logo\/image\/\",\"url\":\"https:\/\/velocaravane.org\/wp-content\/uploads\/2022\/08\/Velocaravane-Logo.png\",\"contentUrl\":\"https:\/\/velocaravane.org\/wp-content\/uploads\/2022\/08\/Velocaravane-Logo.png\",\"width\":642,\"height\":638,\"caption\":\"V\u00c9LOCARAVANE\"},\"image\":{\"@id\":\"https:\/\/velocaravane.org\/#\/schema\/logo\/image\/\"}},{\"@type\":\"WebSite\",\"@id\":\"https:\/\/velocaravane.org\/#website\",\"url\":\"https:\/\/velocaravane.org\/\",\"name\":\"Velocaravane\",\"description\":\"Velocaravane\",\"publisher\":{\"@id\":\"https:\/\/velocaravane.org\/#organization\"},\"potentialAction\":[{\"@type\":\"SearchAction\",\"target\":{\"@type\":\"EntryPoint\",\"urlTemplate\":\"https:\/\/velocaravane.org\/?s={search_term_string}\"},\"query-input\":\"required name=search_term_string\"}],\"inLanguage\":\"en-CA\"},{\"@type\":\"WebPage\",\"@id\":\"https:\/\/velocaravane.org\/product\/sortie-velo\/\",\"url\":\"https:\/\/velocaravane.org\/product\/sortie-velo\/\",\"name\":\"Sortie v\u00e9lo \u00e0 Montr\u00e9al et environs | V\u00e9locaravane\",\"isPartOf\":{\"@id\":\"https:\/\/velocaravane.org\/#website\"},\"datePublished\":\"2022-04-12T15:20:36+00:00\",\"dateModified\":\"2023-07-20T10:41:04+00:00\",\"description\":\"Envie de joindre l'utile \u00e0 l'agr\u00e9able? Faire du v\u00e9lo autour de Montr\u00e9al est la meilleure chose \u00e0 faire! Visite de groupe de 8 heures des pistes cyclables de Montr\u00e9al et des environs\",\"breadcrumb\":{\"@id\":\"https:\/\/velocaravane.org\/product\/sortie-velo\/#breadcrumb\"},\"inLanguage\":\"en-CA\",\"potentialAction\":[{\"@type\":\"ReadAction\",\"target\":[\"https:\/\/velocaravane.org\/product\/sortie-velo\/\"]}]},{\"@type\":\"BreadcrumbList\",\"@id\":\"https:\/\/velocaravane.org\/product\/sortie-velo\/#breadcrumb\",\"itemListElement\":[{\"@type\":\"ListItem\",\"position\":1,\"name\":\"Home\",\"item\":\"https:\/\/velocaravane.org\/\"},{\"@type\":\"ListItem\",\"position\":2,\"name\":\"Shop\",\"item\":\"https:\/\/velocaravane.org\/shop\/\"},{\"@type\":\"ListItem\",\"position\":3,\"name\":\"Sortie V\u00e9lo\"}]}]}<\/script>\n<!-- \/ Yoast SEO plugin. -->","yoast_head_json":{"title":"Sortie v\u00e9lo \u00e0 Montr\u00e9al et environs | V\u00e9locaravane","description":"Envie de joindre l'utile \u00e0 l'agr\u00e9able? Faire du v\u00e9lo autour de Montr\u00e9al est la meilleure chose \u00e0 faire! Visite de groupe de 8 heures des pistes cyclables de Montr\u00e9al et des environs","robots":{"index":"index","follow":"follow","max-snippet":"max-snippet:-1","max-image-preview":"max-image-preview:large","max-video-preview":"max-video-preview:-1"},"canonical":"https:\/\/velocaravane.org\/en\/product\/sortie-velo\/","og_locale":"en_US","og_type":"article","og_title":"Sortie v\u00e9lo \u00e0 Montr\u00e9al et environs | V\u00e9locaravane","og_description":"Envie de joindre l'utile \u00e0 l'agr\u00e9able? Faire du v\u00e9lo autour de Montr\u00e9al est la meilleure chose \u00e0 faire! Visite de groupe de 8 heures des pistes cyclables de Montr\u00e9al et des environs","og_url":"https:\/\/velocaravane.org\/en\/product\/sortie-velo\/","og_site_name":"Velocaravane","article_publisher":"https:\/\/www.facebook.com\/velocaravane\/","article_modified_time":"2023-07-20T10:41:04+00:00","og_image":[{"width":285,"height":218,"url":"https:\/\/velocaravane.org\/wp-content\/uploads\/2022\/04\/sorti-velo-n.png","type":"image\/png"}],"twitter_card":"summary_large_image","schema":{"@context":"https:\/\/schema.org","@graph":[{"@type":"Organization","@id":"https:\/\/velocaravane.org\/#organization","name":"V\u00c9LOCARAVANE","url":"https:\/\/velocaravane.org\/","sameAs":["https:\/\/www.facebook.com\/velocaravane\/"],"logo":{"@type":"ImageObject","inLanguage":"en-CA","@id":"https:\/\/velocaravane.org\/#\/schema\/logo\/image\/","url":"https:\/\/velocaravane.org\/wp-content\/uploads\/2022\/08\/Velocaravane-Logo.png","contentUrl":"https:\/\/velocaravane.org\/wp-content\/uploads\/2022\/08\/Velocaravane-Logo.png","width":642,"height":638,"caption":"V\u00c9LOCARAVANE"},"image":{"@id":"https:\/\/velocaravane.org\/#\/schema\/logo\/image\/"}},{"@type":"WebSite","@id":"https:\/\/velocaravane.org\/#website","url":"https:\/\/velocaravane.org\/","name":"Velocaravane","description":"Velocaravane","publisher":{"@id":"https:\/\/velocaravane.org\/#organization"},"potentialAction":[{"@type":"SearchAction","target":{"@type":"EntryPoint","urlTemplate":"https:\/\/velocaravane.org\/?s={search_term_string}"},"query-input":"required name=search_term_string"}],"inLanguage":"en-CA"},{"@type":"WebPage","@id":"https:\/\/velocaravane.org\/product\/sortie-velo\/","url":"https:\/\/velocaravane.org\/product\/sortie-velo\/","name":"Sortie v\u00e9lo \u00e0 Montr\u00e9al et environs | V\u00e9locaravane","isPartOf":{"@id":"https:\/\/velocaravane.org\/#website"},"datePublished":"2022-04-12T15:20:36+00:00","dateModified":"2023-07-20T10:41:04+00:00","description":"Envie de joindre l'utile \u00e0 l'agr\u00e9able? Faire du v\u00e9lo autour de Montr\u00e9al est la meilleure chose \u00e0 faire! Visite de groupe de 8 heures des pistes cyclables de Montr\u00e9al et des environs","breadcrumb":{"@id":"https:\/\/velocaravane.org\/product\/sortie-velo\/#breadcrumb"},"inLanguage":"en-CA","potentialAction":[{"@type":"ReadAction","target":["https:\/\/velocaravane.org\/product\/sortie-velo\/"]}]},{"@type":"BreadcrumbList","@id":"https:\/\/velocaravane.org\/product\/sortie-velo\/#breadcrumb","itemListElement":[{"@type":"ListItem","position":1,"name":"Home","item":"https:\/\/velocaravane.org\/"},{"@type":"ListItem","position":2,"name":"Shop","item":"https:\/\/velocaravane.org\/shop\/"},{"@type":"ListItem","position":3,"name":"Sortie V\u00e9lo"}]}]}},"_links":{"self":[{"href":"https:\/\/velocaravane.org\/en\/wp-json\/wp\/v2\/product\/1301"}],"collection":[{"href":"https:\/\/velocaravane.org\/en\/wp-json\/wp\/v2\/product"}],"about":[{"href":"https:\/\/velocaravane.org\/en\/wp-json\/wp\/v2\/types\/product"}],"wp:featuredmedia":[{"embeddable":true,"href":"https:\/\/velocaravane.org\/en\/wp-json\/wp\/v2\/media\/1302"}],"wp:attachment":[{"href":"https:\/\/velocaravane.org\/en\/wp-json\/wp\/v2\/media?parent=1301"}],"wp:term":[{"taxonomy":"product_cat","embeddable":true,"href":"https:\/\/velocaravane.org\/en\/wp-json\/wp\/v2\/product_cat?post=1301"},{"taxonomy":"product_tag","embeddable":true,"href":"https:\/\/velocaravane.org\/en\/wp-json\/wp\/v2\/product_tag?post=1301"}],"curies":[{"name":"wp","href":"https:\/\/api.w.org\/{rel}","templated":true}]}}