{"id":403,"date":"2022-04-01T16:17:53","date_gmt":"2022-04-01T16:17:53","guid":{"rendered":"http:\/\/142.93.155.59\/?post_type=product&#038;p=403"},"modified":"2023-04-07T03:58:44","modified_gmt":"2023-04-07T07:58:44","slug":"velo-ecole-enfant","status":"publish","type":"product","link":"https:\/\/velocaravane.org\/en\/product\/velo-ecole-enfant\/","title":{"rendered":"V\u00e9lo \u00c9cole Enfant"},"content":{"rendered":"","protected":false},"excerpt":{"rendered":"<p>Formation sur <strong>3 cours<\/strong> d\u2019une heure.<\/p>\n<p><strong>O\u00f9:<\/strong> Parc Nesbitt (Bellechasse et 6e Avenue, Rosemont)\u200b<\/p>\n<p><strong>Objectif:<\/strong> \u00catre en \u00e9quilibre et en confiance sur le v\u00e9lo dans un parc.<\/p>\n<p><strong><span style=\"color: #ff0000;\">*Pour r\u00e9server votre cours, veuillez s\u00e9lectionner 3 heures sur trois journ\u00e9es diff\u00e9rentes dans le calendrier ci-dessous, 1 heure maximum par jour. Cette approche maximize l&#8217;apprentissage.<\/span><\/strong><\/p>","protected":false},"featured_media":1958,"template":"","meta":{"_mi_skip_tracking":false,"_monsterinsights_sitenote_active":false,"_monsterinsights_sitenote_note":"","_monsterinsights_sitenote_category":0,"neve_meta_sidebar":"","neve_meta_container":"","neve_meta_enable_content_width":"off","neve_meta_content_width":100,"neve_meta_title_alignment":"","neve_meta_author_avatar":"","neve_post_elements_order":"","neve_meta_disable_header":"","neve_meta_disable_footer":"","neve_meta_disable_title":""},"product_cat":[22,17,25],"product_tag":[],"yoast_head":"<!-- This site is optimized with the Yoast SEO plugin v19.4 - https:\/\/yoast.com\/wordpress\/plugins\/seo\/ -->\n<title>Cours de v\u00e9lo pour enfants - apprendre avec des m\u00e9thodes amusantes et \u00e9prouv\u00e9es<\/title>\n<meta name=\"description\" content=\"Votre enfant a du mal \u00e0 apprendre \u00e0 faire du v\u00e9lo ? Nous les ferons rouler en un rien de temps. Nos m\u00e9thodes d&#039;enseignement amusantes et \u00e9prouv\u00e9es ont aid\u00e9 des centaines d&#039;enfants!\" \/>\n<meta name=\"robots\" content=\"index, follow, max-snippet:-1, max-image-preview:large, max-video-preview:-1\" \/>\n<link rel=\"canonical\" href=\"https:\/\/velocaravane.org\/en\/product\/velo-ecole-enfant\/\" \/>\n<meta property=\"og:locale\" content=\"en_US\" \/>\n<meta property=\"og:type\" content=\"article\" \/>\n<meta property=\"og:title\" content=\"Cours de v\u00e9lo pour enfants - apprendre avec des m\u00e9thodes amusantes et \u00e9prouv\u00e9es\" \/>\n<meta property=\"og:description\" content=\"Votre enfant a du mal \u00e0 apprendre \u00e0 faire du v\u00e9lo ? Nous les ferons rouler en un rien de temps. Nos m\u00e9thodes d&#039;enseignement amusantes et \u00e9prouv\u00e9es ont aid\u00e9 des centaines d&#039;enfants!\" \/>\n<meta property=\"og:url\" content=\"https:\/\/velocaravane.org\/en\/product\/velo-ecole-enfant\/\" \/>\n<meta property=\"og:site_name\" content=\"Velocaravane\" \/>\n<meta property=\"article:publisher\" content=\"https:\/\/www.facebook.com\/velocaravane\/\" \/>\n<meta property=\"article:modified_time\" content=\"2023-04-07T07:58:44+00:00\" \/>\n<meta property=\"og:image\" content=\"https:\/\/velocaravane.org\/wp-content\/uploads\/2022\/04\/33110425_10155563157197263_1570608633215975424_n.jpg\" \/>\n\t<meta property=\"og:image:width\" content=\"2048\" \/>\n\t<meta property=\"og:image:height\" content=\"1536\" \/>\n\t<meta property=\"og:image:type\" content=\"image\/jpeg\" \/>\n<meta name=\"twitter:card\" content=\"summary_large_image\" \/>\n<script type=\"application\/ld+json\" class=\"yoast-schema-graph\">{\"@context\":\"https:\/\/schema.org\",\"@graph\":[{\"@type\":\"Organization\",\"@id\":\"https:\/\/velocaravane.org\/#organization\",\"name\":\"V\u00c9LOCARAVANE\",\"url\":\"https:\/\/velocaravane.org\/\",\"sameAs\":[\"https:\/\/www.facebook.com\/velocaravane\/\"],\"logo\":{\"@type\":\"ImageObject\",\"inLanguage\":\"en-CA\",\"@id\":\"https:\/\/velocaravane.org\/#\/schema\/logo\/image\/\",\"url\":\"https:\/\/velocaravane.org\/wp-content\/uploads\/2022\/08\/Velocaravane-Logo.png\",\"contentUrl\":\"https:\/\/velocaravane.org\/wp-content\/uploads\/2022\/08\/Velocaravane-Logo.png\",\"width\":642,\"height\":638,\"caption\":\"V\u00c9LOCARAVANE\"},\"image\":{\"@id\":\"https:\/\/velocaravane.org\/#\/schema\/logo\/image\/\"}},{\"@type\":\"WebSite\",\"@id\":\"https:\/\/velocaravane.org\/#website\",\"url\":\"https:\/\/velocaravane.org\/\",\"name\":\"Velocaravane\",\"description\":\"Velocaravane\",\"publisher\":{\"@id\":\"https:\/\/velocaravane.org\/#organization\"},\"potentialAction\":[{\"@type\":\"SearchAction\",\"target\":{\"@type\":\"EntryPoint\",\"urlTemplate\":\"https:\/\/velocaravane.org\/?s={search_term_string}\"},\"query-input\":\"required name=search_term_string\"}],\"inLanguage\":\"en-CA\"},{\"@type\":\"WebPage\",\"@id\":\"https:\/\/velocaravane.org\/product\/velo-ecole-enfant\/\",\"url\":\"https:\/\/velocaravane.org\/product\/velo-ecole-enfant\/\",\"name\":\"Cours de v\u00e9lo pour enfants - apprendre avec des m\u00e9thodes amusantes et \u00e9prouv\u00e9es\",\"isPartOf\":{\"@id\":\"https:\/\/velocaravane.org\/#website\"},\"datePublished\":\"2022-04-01T16:17:53+00:00\",\"dateModified\":\"2023-04-07T07:58:44+00:00\",\"description\":\"Votre enfant a du mal \u00e0 apprendre \u00e0 faire du v\u00e9lo ? Nous les ferons rouler en un rien de temps. Nos m\u00e9thodes d'enseignement amusantes et \u00e9prouv\u00e9es ont aid\u00e9 des centaines d'enfants!\",\"breadcrumb\":{\"@id\":\"https:\/\/velocaravane.org\/product\/velo-ecole-enfant\/#breadcrumb\"},\"inLanguage\":\"en-CA\",\"potentialAction\":[{\"@type\":\"ReadAction\",\"target\":[\"https:\/\/velocaravane.org\/product\/velo-ecole-enfant\/\"]}]},{\"@type\":\"BreadcrumbList\",\"@id\":\"https:\/\/velocaravane.org\/product\/velo-ecole-enfant\/#breadcrumb\",\"itemListElement\":[{\"@type\":\"ListItem\",\"position\":1,\"name\":\"Home\",\"item\":\"https:\/\/velocaravane.org\/\"},{\"@type\":\"ListItem\",\"position\":2,\"name\":\"Shop\",\"item\":\"https:\/\/velocaravane.org\/shop\/\"},{\"@type\":\"ListItem\",\"position\":3,\"name\":\"V\u00e9lo \u00c9cole Enfant\"}]}]}<\/script>\n<!-- \/ Yoast SEO plugin. -->","yoast_head_json":{"title":"Cours de v\u00e9lo pour enfants - apprendre avec des m\u00e9thodes amusantes et \u00e9prouv\u00e9es","description":"Votre enfant a du mal \u00e0 apprendre \u00e0 faire du v\u00e9lo ? Nous les ferons rouler en un rien de temps. Nos m\u00e9thodes d'enseignement amusantes et \u00e9prouv\u00e9es ont aid\u00e9 des centaines d'enfants!","robots":{"index":"index","follow":"follow","max-snippet":"max-snippet:-1","max-image-preview":"max-image-preview:large","max-video-preview":"max-video-preview:-1"},"canonical":"https:\/\/velocaravane.org\/en\/product\/velo-ecole-enfant\/","og_locale":"en_US","og_type":"article","og_title":"Cours de v\u00e9lo pour enfants - apprendre avec des m\u00e9thodes amusantes et \u00e9prouv\u00e9es","og_description":"Votre enfant a du mal \u00e0 apprendre \u00e0 faire du v\u00e9lo ? Nous les ferons rouler en un rien de temps. Nos m\u00e9thodes d'enseignement amusantes et \u00e9prouv\u00e9es ont aid\u00e9 des centaines d'enfants!","og_url":"https:\/\/velocaravane.org\/en\/product\/velo-ecole-enfant\/","og_site_name":"Velocaravane","article_publisher":"https:\/\/www.facebook.com\/velocaravane\/","article_modified_time":"2023-04-07T07:58:44+00:00","og_image":[{"width":2048,"height":1536,"url":"https:\/\/velocaravane.org\/wp-content\/uploads\/2022\/04\/33110425_10155563157197263_1570608633215975424_n.jpg","type":"image\/jpeg"}],"twitter_card":"summary_large_image","schema":{"@context":"https:\/\/schema.org","@graph":[{"@type":"Organization","@id":"https:\/\/velocaravane.org\/#organization","name":"V\u00c9LOCARAVANE","url":"https:\/\/velocaravane.org\/","sameAs":["https:\/\/www.facebook.com\/velocaravane\/"],"logo":{"@type":"ImageObject","inLanguage":"en-CA","@id":"https:\/\/velocaravane.org\/#\/schema\/logo\/image\/","url":"https:\/\/velocaravane.org\/wp-content\/uploads\/2022\/08\/Velocaravane-Logo.png","contentUrl":"https:\/\/velocaravane.org\/wp-content\/uploads\/2022\/08\/Velocaravane-Logo.png","width":642,"height":638,"caption":"V\u00c9LOCARAVANE"},"image":{"@id":"https:\/\/velocaravane.org\/#\/schema\/logo\/image\/"}},{"@type":"WebSite","@id":"https:\/\/velocaravane.org\/#website","url":"https:\/\/velocaravane.org\/","name":"Velocaravane","description":"Velocaravane","publisher":{"@id":"https:\/\/velocaravane.org\/#organization"},"potentialAction":[{"@type":"SearchAction","target":{"@type":"EntryPoint","urlTemplate":"https:\/\/velocaravane.org\/?s={search_term_string}"},"query-input":"required name=search_term_string"}],"inLanguage":"en-CA"},{"@type":"WebPage","@id":"https:\/\/velocaravane.org\/product\/velo-ecole-enfant\/","url":"https:\/\/velocaravane.org\/product\/velo-ecole-enfant\/","name":"Cours de v\u00e9lo pour enfants - apprendre avec des m\u00e9thodes amusantes et \u00e9prouv\u00e9es","isPartOf":{"@id":"https:\/\/velocaravane.org\/#website"},"datePublished":"2022-04-01T16:17:53+00:00","dateModified":"2023-04-07T07:58:44+00:00","description":"Votre enfant a du mal \u00e0 apprendre \u00e0 faire du v\u00e9lo ? Nous les ferons rouler en un rien de temps. Nos m\u00e9thodes d'enseignement amusantes et \u00e9prouv\u00e9es ont aid\u00e9 des centaines d'enfants!","breadcrumb":{"@id":"https:\/\/velocaravane.org\/product\/velo-ecole-enfant\/#breadcrumb"},"inLanguage":"en-CA","potentialAction":[{"@type":"ReadAction","target":["https:\/\/velocaravane.org\/product\/velo-ecole-enfant\/"]}]},{"@type":"BreadcrumbList","@id":"https:\/\/velocaravane.org\/product\/velo-ecole-enfant\/#breadcrumb","itemListElement":[{"@type":"ListItem","position":1,"name":"Home","item":"https:\/\/velocaravane.org\/"},{"@type":"ListItem","position":2,"name":"Shop","item":"https:\/\/velocaravane.org\/shop\/"},{"@type":"ListItem","position":3,"name":"V\u00e9lo \u00c9cole Enfant"}]}]}},"_links":{"self":[{"href":"https:\/\/velocaravane.org\/en\/wp-json\/wp\/v2\/product\/403"}],"collection":[{"href":"https:\/\/velocaravane.org\/en\/wp-json\/wp\/v2\/product"}],"about":[{"href":"https:\/\/velocaravane.org\/en\/wp-json\/wp\/v2\/types\/product"}],"wp:featuredmedia":[{"embeddable":true,"href":"https:\/\/velocaravane.org\/en\/wp-json\/wp\/v2\/media\/1958"}],"wp:attachment":[{"href":"https:\/\/velocaravane.org\/en\/wp-json\/wp\/v2\/media?parent=403"}],"wp:term":[{"taxonomy":"product_cat","embeddable":true,"href":"https:\/\/velocaravane.org\/en\/wp-json\/wp\/v2\/product_cat?post=403"},{"taxonomy":"product_tag","embeddable":true,"href":"https:\/\/velocaravane.org\/en\/wp-json\/wp\/v2\/product_tag?post=403"}],"curies":[{"name":"wp","href":"https:\/\/api.w.org\/{rel}","templated":true}]}}